{"id":40211,"date":"2024-09-12T07:52:13","date_gmt":"2024-09-12T04:52:13","guid":{"rendered":"https:\/\/airfi.fi\/startsida\/"},"modified":"2026-03-31T15:45:55","modified_gmt":"2026-03-31T12:45:55","slug":"startsida","status":"publish","type":"page","link":"https:\/\/airfi.fi\/sv\/","title":{"rendered":"Startsida"},"content":{"rendered":"","protected":false},"excerpt":{"rendered":"","protected":false},"author":2,"featured_media":0,"parent":0,"menu_order":88,"comment_status":"closed","ping_status":"closed","template":"","meta":{"_acf_changed":false,"_seopress_robots_primary_cat":"","_seopress_titles_title":"Moderna och tillf\u00f6rlitliga ventilationsl\u00f6sningar - Airfi","_seopress_titles_desc":"Hos oss hittar du en l\u00f6sning f\u00f6r alla ventilationsbehov. Branchens l\u00e4ngsta garanti \u00e4r v\u00e5rt kvalitetsl\u00f6fte. ","_seopress_robots_index":"","_improvement_type_select":"improve_an_existing","_thumb_yes_seoaic":false,"_frame_yes_seoaic":false,"seoaic_generate_description":"","seoaic_improve_instructions_prompt":"","seoaic_rollback_content_improvement":"","seoaic_idea_thumbnail_generator":"","thumbnail_generated":false,"thumbnail_generate_prompt":"","seoaic_article_description":"","footnotes":""},"class_list":["post-40211","page","type-page","status-publish"],"acf":[],"_links":{"self":[{"href":"https:\/\/airfi.fi\/sv\/wp-json\/wp\/v2\/pages\/40211","targetHints":{"allow":["GET"]}}],"collection":[{"href":"https:\/\/airfi.fi\/sv\/wp-json\/wp\/v2\/pages"}],"about":[{"href":"https:\/\/airfi.fi\/sv\/wp-json\/wp\/v2\/types\/page"}],"author":[{"embeddable":true,"href":"https:\/\/airfi.fi\/sv\/wp-json\/wp\/v2\/users\/2"}],"replies":[{"embeddable":true,"href":"https:\/\/airfi.fi\/sv\/wp-json\/wp\/v2\/comments?post=40211"}],"version-history":[{"count":2,"href":"https:\/\/airfi.fi\/sv\/wp-json\/wp\/v2\/pages\/40211\/revisions"}],"predecessor-version":[{"id":63553,"href":"https:\/\/airfi.fi\/sv\/wp-json\/wp\/v2\/pages\/40211\/revisions\/63553"}],"wp:attachment":[{"href":"https:\/\/airfi.fi\/sv\/wp-json\/wp\/v2\/media?parent=40211"}],"curies":[{"name":"wp","href":"https:\/\/api.w.org\/{rel}","templated":true}]}}