{"id":13889,"date":"2024-09-29T15:50:15","date_gmt":"2024-09-29T12:50:15","guid":{"rendered":"https:\/\/airfi.fi\/zrownowazony-rozwoj\/"},"modified":"2026-04-09T12:29:04","modified_gmt":"2026-04-09T09:29:04","slug":"zrownowazony-rozwoj","status":"publish","type":"page","link":"https:\/\/airfi.fi\/pl\/zrownowazony-rozwoj\/","title":{"rendered":"Zr\u00f3wnowa\u017cony rozw\u00f3j"},"content":{"rendered":"","protected":false},"excerpt":{"rendered":"","protected":false},"author":1,"featured_media":0,"parent":0,"menu_order":74,"comment_status":"closed","ping_status":"closed","template":"","meta":{"_acf_changed":false,"_seopress_robots_primary_cat":"","_seopress_titles_title":"","_seopress_titles_desc":"","_seopress_robots_index":"","_improvement_type_select":"improve_an_existing","_thumb_yes_seoaic":false,"_frame_yes_seoaic":false,"seoaic_generate_description":"","seoaic_improve_instructions_prompt":"","seoaic_rollback_content_improvement":"","seoaic_idea_thumbnail_generator":"","thumbnail_generated":false,"thumbnail_generate_prompt":"","seoaic_article_description":"","footnotes":""},"class_list":["post-13889","page","type-page","status-publish"],"acf":[],"_links":{"self":[{"href":"https:\/\/airfi.fi\/pl\/wp-json\/wp\/v2\/pages\/13889","targetHints":{"allow":["GET"]}}],"collection":[{"href":"https:\/\/airfi.fi\/pl\/wp-json\/wp\/v2\/pages"}],"about":[{"href":"https:\/\/airfi.fi\/pl\/wp-json\/wp\/v2\/types\/page"}],"author":[{"embeddable":true,"href":"https:\/\/airfi.fi\/pl\/wp-json\/wp\/v2\/users\/1"}],"replies":[{"embeddable":true,"href":"https:\/\/airfi.fi\/pl\/wp-json\/wp\/v2\/comments?post=13889"}],"version-history":[{"count":1,"href":"https:\/\/airfi.fi\/pl\/wp-json\/wp\/v2\/pages\/13889\/revisions"}],"predecessor-version":[{"id":64236,"href":"https:\/\/airfi.fi\/pl\/wp-json\/wp\/v2\/pages\/13889\/revisions\/64236"}],"wp:attachment":[{"href":"https:\/\/airfi.fi\/pl\/wp-json\/wp\/v2\/media?parent=13889"}],"curies":[{"name":"wp","href":"https:\/\/api.w.org\/{rel}","templated":true}]}}