{"id":12944,"date":"2024-09-12T07:52:13","date_gmt":"2024-09-12T04:52:13","guid":{"rendered":"https:\/\/airfi.fi\/strona-glowna\/"},"modified":"2026-02-26T13:58:28","modified_gmt":"2026-02-26T11:58:28","slug":"strona-glowna","status":"publish","type":"page","link":"https:\/\/airfi.fi\/pl\/","title":{"rendered":"Strona g\u0142\u00f3wna"},"content":{"rendered":"","protected":false},"excerpt":{"rendered":"","protected":false},"author":2,"featured_media":0,"parent":0,"menu_order":91,"comment_status":"closed","ping_status":"closed","template":"","meta":{"_acf_changed":false,"_seopress_robots_primary_cat":"","_seopress_titles_title":"Nowoczesne i niezawodne rozwi\u0105zania wentylacyjne - Airfi","_seopress_titles_desc":"Mamy rozwi\u0105zanie dla wszystkich Twoich potrzeb w zakresie wentylacji. Nasza jako\u015b\u0107 jest potwierdzona najd\u0142u\u017cszymi okresami gwarancyjnymi w bran\u017cy ","_seopress_robots_index":"","_improvement_type_select":"improve_an_existing","_thumb_yes_seoaic":false,"_frame_yes_seoaic":false,"seoaic_generate_description":"","seoaic_improve_instructions_prompt":"","seoaic_rollback_content_improvement":"","seoaic_idea_thumbnail_generator":"","thumbnail_generated":false,"thumbnail_generate_prompt":"","seoaic_article_description":"","footnotes":""},"class_list":["post-12944","page","type-page","status-publish"],"acf":[],"_links":{"self":[{"href":"https:\/\/airfi.fi\/pl\/wp-json\/wp\/v2\/pages\/12944","targetHints":{"allow":["GET"]}}],"collection":[{"href":"https:\/\/airfi.fi\/pl\/wp-json\/wp\/v2\/pages"}],"about":[{"href":"https:\/\/airfi.fi\/pl\/wp-json\/wp\/v2\/types\/page"}],"author":[{"embeddable":true,"href":"https:\/\/airfi.fi\/pl\/wp-json\/wp\/v2\/users\/2"}],"replies":[{"embeddable":true,"href":"https:\/\/airfi.fi\/pl\/wp-json\/wp\/v2\/comments?post=12944"}],"version-history":[{"count":7,"href":"https:\/\/airfi.fi\/pl\/wp-json\/wp\/v2\/pages\/12944\/revisions"}],"predecessor-version":[{"id":61554,"href":"https:\/\/airfi.fi\/pl\/wp-json\/wp\/v2\/pages\/12944\/revisions\/61554"}],"wp:attachment":[{"href":"https:\/\/airfi.fi\/pl\/wp-json\/wp\/v2\/media?parent=12944"}],"curies":[{"name":"wp","href":"https:\/\/api.w.org\/{rel}","templated":true}]}}